{"id":6,"date":"2024-03-19T11:28:18","date_gmt":"2024-03-19T10:28:18","guid":{"rendered":"http:\/\/localhost\/lartzen\/?page_id=6"},"modified":"2024-04-14T16:44:40","modified_gmt":"2024-04-14T14:44:40","slug":"lartzen","status":"publish","type":"page","link":"https:\/\/labizarterie.com\/","title":{"rendered":"L&rsquo;ArtZen"},"content":{"rendered":"\n<div class=\"wp-block-columns is-layout-flex wp-container-core-columns-is-layout-9d6595d7 wp-block-columns-is-layout-flex\">\n<div class=\"wp-block-column colonnegrise has-background is-layout-flow wp-block-column-is-layout-flow\" style=\"background-color:#f0f7ff\">\n<figure class=\"wp-block-image size-full\"><img loading=\"lazy\" decoding=\"async\" width=\"945\" height=\"532\" src=\"https:\/\/labizarterie.com\/wp-content\/uploads\/2024\/04\/fond1_cantine.jpg\" alt=\"\" class=\"wp-image-280\" srcset=\"https:\/\/labizarterie.com\/wp-content\/uploads\/2024\/04\/fond1_cantine.jpg 945w, https:\/\/labizarterie.com\/wp-content\/uploads\/2024\/04\/fond1_cantine-600x338.jpg 600w, https:\/\/labizarterie.com\/wp-content\/uploads\/2024\/04\/fond1_cantine-300x169.jpg 300w, https:\/\/labizarterie.com\/wp-content\/uploads\/2024\/04\/fond1_cantine-768x432.jpg 768w\" sizes=\"auto, (max-width: 945px) 100vw, 945px\" \/><\/figure>\n\n\n\n<h2 class=\"wp-block-heading has-text-align-center has-medium-font-size\">Pour se restaurer<\/h2>\n\n\n\n<p class=\"has-text-align-center\">D\u00e9couvrez une cuisine familiale et gourmande, \u00e9labor\u00e9e avec des produits frais et locaux. D\u00e9gustez des plats du jour, des tartes sal\u00e9es, des salades vari\u00e9es et des desserts maison.<\/p>\n\n\n\n<div class=\"wp-block-buttons is-content-justification-center is-layout-flex wp-container-core-buttons-is-layout-16018d1d wp-block-buttons-is-layout-flex\">\n<div class=\"wp-block-button is-style-fill\"><a class=\"wp-block-button__link has-pale-cyan-blue-background-color has-background wp-element-button\" href=\"https:\/\/labizarterie.com\/index.php\/la-restauration\/\">En savoir plus<\/a><\/div>\n<\/div>\n<\/div>\n\n\n\n<div class=\"wp-block-column colonnegrise has-background is-layout-flow wp-block-column-is-layout-flow\" style=\"background-color:#f0f7ff\">\n<figure class=\"wp-block-image size-large\"><img loading=\"lazy\" decoding=\"async\" width=\"1024\" height=\"576\" src=\"https:\/\/labizarterie.com\/wp-content\/uploads\/2024\/04\/fond2_ateliers-1024x576.jpg\" alt=\"\" class=\"wp-image-281\" srcset=\"https:\/\/labizarterie.com\/wp-content\/uploads\/2024\/04\/fond2_ateliers-1024x576.jpg 1024w, https:\/\/labizarterie.com\/wp-content\/uploads\/2024\/04\/fond2_ateliers-600x337.jpg 600w, https:\/\/labizarterie.com\/wp-content\/uploads\/2024\/04\/fond2_ateliers-300x169.jpg 300w, https:\/\/labizarterie.com\/wp-content\/uploads\/2024\/04\/fond2_ateliers-768x432.jpg 768w, https:\/\/labizarterie.com\/wp-content\/uploads\/2024\/04\/fond2_ateliers-1536x864.jpg 1536w, https:\/\/labizarterie.com\/wp-content\/uploads\/2024\/04\/fond2_ateliers.jpg 1890w\" sizes=\"auto, (max-width: 1024px) 100vw, 1024px\" \/><\/figure>\n\n\n\n<h2 class=\"wp-block-heading has-text-align-center has-medium-font-size\">Pour se d\u00e9tendre<\/h2>\n\n\n\n<p class=\"has-text-align-center\">D\u00e9couvrez l&rsquo;univers des plantes tinctoriales, des pigments et des liants naturels. Apprenez \u00e0 fabriquer vos propres peintures, teintures et encres. Pratiquez en les utilisant \u00e0 travers diff\u00e9rentes techniques artistiques.<\/p>\n\n\n\n<div class=\"wp-block-buttons is-content-justification-center is-layout-flex wp-container-core-buttons-is-layout-16018d1d wp-block-buttons-is-layout-flex\">\n<div class=\"wp-block-button is-style-fill\"><a class=\"wp-block-button__link has-pale-cyan-blue-background-color has-background wp-element-button\" href=\"https:\/\/labizarterie.com\/index.php\/les-ateliers-artistiques\/\">En savoir plus<\/a><\/div>\n<\/div>\n<\/div>\n\n\n\n<div class=\"wp-block-column colonnegrise has-background is-layout-flow wp-block-column-is-layout-flow\" style=\"background-color:#f0f7ff\">\n<figure class=\"wp-block-image size-full\"><img loading=\"lazy\" decoding=\"async\" width=\"945\" height=\"532\" src=\"https:\/\/labizarterie.com\/wp-content\/uploads\/2024\/04\/fond3_art_therapie-1.jpg\" alt=\"\" class=\"wp-image-284\" srcset=\"https:\/\/labizarterie.com\/wp-content\/uploads\/2024\/04\/fond3_art_therapie-1.jpg 945w, https:\/\/labizarterie.com\/wp-content\/uploads\/2024\/04\/fond3_art_therapie-1-600x338.jpg 600w, https:\/\/labizarterie.com\/wp-content\/uploads\/2024\/04\/fond3_art_therapie-1-300x169.jpg 300w, https:\/\/labizarterie.com\/wp-content\/uploads\/2024\/04\/fond3_art_therapie-1-768x432.jpg 768w\" sizes=\"auto, (max-width: 945px) 100vw, 945px\" \/><\/figure>\n\n\n\n<h2 class=\"wp-block-heading has-text-align-center has-medium-font-size\">L&rsquo;Art-th\u00e9rapie Contemporaine \u00a9<\/h2>\n\n\n\n<p class=\"has-text-align-center\">L&rsquo;Art-th\u00e9rapie Contemporaine \u00a9 aide \u00e0 mobiliser les ressources cr\u00e9atives singuli\u00e8res \u00e0 chacun afin de d\u00e9passer ses difficult\u00e9s.<\/p>\n\n\n\n<div class=\"wp-block-buttons is-content-justification-center is-layout-flex wp-container-core-buttons-is-layout-16018d1d wp-block-buttons-is-layout-flex\">\n<div class=\"wp-block-button is-style-fill\"><a class=\"wp-block-button__link has-pale-cyan-blue-background-color has-background wp-element-button\" href=\"https:\/\/labizarterie.com\/index.php\/art-therapie\/\">En savoir plus<\/a><\/div>\n<\/div>\n<\/div>\n<\/div>\n","protected":false},"excerpt":{"rendered":"<p>Pour se restaurer D\u00e9couvrez une cuisine familiale et gourmande, \u00e9labor\u00e9e avec des produits frais et locaux. D\u00e9gustez des plats du jour, des tartes sal\u00e9es, des salades vari\u00e9es et des desserts maison. Pour se d\u00e9tendre D\u00e9couvrez l&rsquo;univers des plantes tinctoriales, des pigments et des liants naturels. Apprenez \u00e0 fabriquer vos propres peintures, teintures et encres. Pratiquez<span class=\"post-excerpt-end\">&hellip;<\/span><\/p>\n<p class=\"more-link\"><a href=\"https:\/\/labizarterie.com\/\" class=\"themebutton\">Read More<\/a><\/p>\n","protected":false},"author":1,"featured_media":0,"parent":0,"menu_order":0,"comment_status":"closed","ping_status":"closed","template":"","meta":{"footnotes":""},"class_list":["post-6","page","type-page","status-publish","hentry"],"yoast_head":"<!-- This site is optimized with the Yoast SEO plugin v22.3 - https:\/\/yoast.com\/wordpress\/plugins\/seo\/ -->\n<title>L&#039;ArtZen - La BiZ&#039;Arterie &quot;L&#039;ArtZen&quot;<\/title>\n<meta name=\"robots\" content=\"index, follow, max-snippet:-1, max-image-preview:large, max-video-preview:-1\" \/>\n<link rel=\"canonical\" href=\"https:\/\/labizarterie.com\/\" \/>\n<meta property=\"og:locale\" content=\"fr_FR\" \/>\n<meta property=\"og:type\" content=\"article\" \/>\n<meta property=\"og:title\" content=\"L&#039;ArtZen - La BiZ&#039;Arterie &quot;L&#039;ArtZen&quot;\" \/>\n<meta property=\"og:description\" content=\"Pour se restaurer D\u00e9couvrez une cuisine familiale et gourmande, \u00e9labor\u00e9e avec des produits frais et locaux. D\u00e9gustez des plats du jour, des tartes sal\u00e9es, des salades vari\u00e9es et des desserts maison. Pour se d\u00e9tendre D\u00e9couvrez l&rsquo;univers des plantes tinctoriales, des pigments et des liants naturels. Apprenez \u00e0 fabriquer vos propres peintures, teintures et encres. Pratiquez&hellip;Read More\" \/>\n<meta property=\"og:url\" content=\"https:\/\/labizarterie.com\/\" \/>\n<meta property=\"og:site_name\" content=\"La BiZ&#039;Arterie &quot;L&#039;ArtZen&quot;\" \/>\n<meta property=\"article:modified_time\" content=\"2024-04-14T14:44:40+00:00\" \/>\n<meta property=\"og:image\" content=\"https:\/\/labizarterie.com\/wp-content\/uploads\/2024\/04\/fond1_cantine.jpg\" \/>\n<meta name=\"twitter:card\" content=\"summary_large_image\" \/>\n<meta name=\"twitter:label1\" content=\"Dur\u00e9e de lecture estim\u00e9e\" \/>\n\t<meta name=\"twitter:data1\" content=\"2 minutes\" \/>\n<script type=\"application\/ld+json\" class=\"yoast-schema-graph\">{\"@context\":\"https:\/\/schema.org\",\"@graph\":[{\"@type\":\"WebPage\",\"@id\":\"https:\/\/labizarterie.com\/\",\"url\":\"https:\/\/labizarterie.com\/\",\"name\":\"L'ArtZen - La BiZ&#039;Arterie &quot;L&#039;ArtZen&quot;\",\"isPartOf\":{\"@id\":\"https:\/\/labizarterie.com\/#website\"},\"primaryImageOfPage\":{\"@id\":\"https:\/\/labizarterie.com\/#primaryimage\"},\"image\":{\"@id\":\"https:\/\/labizarterie.com\/#primaryimage\"},\"thumbnailUrl\":\"https:\/\/labizarterie.com\/wp-content\/uploads\/2024\/04\/fond1_cantine.jpg\",\"datePublished\":\"2024-03-19T10:28:18+00:00\",\"dateModified\":\"2024-04-14T14:44:40+00:00\",\"breadcrumb\":{\"@id\":\"https:\/\/labizarterie.com\/#breadcrumb\"},\"inLanguage\":\"fr-FR\",\"potentialAction\":[{\"@type\":\"ReadAction\",\"target\":[\"https:\/\/labizarterie.com\/\"]}]},{\"@type\":\"ImageObject\",\"inLanguage\":\"fr-FR\",\"@id\":\"https:\/\/labizarterie.com\/#primaryimage\",\"url\":\"https:\/\/labizarterie.com\/wp-content\/uploads\/2024\/04\/fond1_cantine.jpg\",\"contentUrl\":\"https:\/\/labizarterie.com\/wp-content\/uploads\/2024\/04\/fond1_cantine.jpg\",\"width\":945,\"height\":532},{\"@type\":\"BreadcrumbList\",\"@id\":\"https:\/\/labizarterie.com\/#breadcrumb\",\"itemListElement\":[{\"@type\":\"ListItem\",\"position\":1,\"name\":\"Accueil\",\"item\":\"https:\/\/labizarterie.com\/\"},{\"@type\":\"ListItem\",\"position\":2,\"name\":\"L&rsquo;ArtZen\"}]},{\"@type\":\"WebSite\",\"@id\":\"https:\/\/labizarterie.com\/#website\",\"url\":\"https:\/\/labizarterie.com\/\",\"name\":\"L'ArtZen\",\"description\":\" De l&#039;Art \u00e0 l&#039;assiette ...\",\"publisher\":{\"@id\":\"https:\/\/labizarterie.com\/#organization\"},\"potentialAction\":[{\"@type\":\"SearchAction\",\"target\":{\"@type\":\"EntryPoint\",\"urlTemplate\":\"https:\/\/labizarterie.com\/?s={search_term_string}\"},\"query-input\":\"required name=search_term_string\"}],\"inLanguage\":\"fr-FR\"},{\"@type\":\"Organization\",\"@id\":\"https:\/\/labizarterie.com\/#organization\",\"name\":\"L'ArtZen\",\"url\":\"https:\/\/labizarterie.com\/\",\"logo\":{\"@type\":\"ImageObject\",\"inLanguage\":\"fr-FR\",\"@id\":\"https:\/\/labizarterie.com\/#\/schema\/logo\/image\/\",\"url\":\"https:\/\/labizarterie.com\/wp-content\/uploads\/2024\/04\/VD-Calque-La-BiZArterie-.png\",\"contentUrl\":\"https:\/\/labizarterie.com\/wp-content\/uploads\/2024\/04\/VD-Calque-La-BiZArterie-.png\",\"width\":830,\"height\":662,\"caption\":\"L'ArtZen\"},\"image\":{\"@id\":\"https:\/\/labizarterie.com\/#\/schema\/logo\/image\/\"}}]}<\/script>\n<!-- \/ Yoast SEO plugin. -->","yoast_head_json":{"title":"L'ArtZen - La BiZ&#039;Arterie &quot;L&#039;ArtZen&quot;","robots":{"index":"index","follow":"follow","max-snippet":"max-snippet:-1","max-image-preview":"max-image-preview:large","max-video-preview":"max-video-preview:-1"},"canonical":"https:\/\/labizarterie.com\/","og_locale":"fr_FR","og_type":"article","og_title":"L'ArtZen - La BiZ&#039;Arterie &quot;L&#039;ArtZen&quot;","og_description":"Pour se restaurer D\u00e9couvrez une cuisine familiale et gourmande, \u00e9labor\u00e9e avec des produits frais et locaux. D\u00e9gustez des plats du jour, des tartes sal\u00e9es, des salades vari\u00e9es et des desserts maison. Pour se d\u00e9tendre D\u00e9couvrez l&rsquo;univers des plantes tinctoriales, des pigments et des liants naturels. Apprenez \u00e0 fabriquer vos propres peintures, teintures et encres. Pratiquez&hellip;Read More","og_url":"https:\/\/labizarterie.com\/","og_site_name":"La BiZ&#039;Arterie &quot;L&#039;ArtZen&quot;","article_modified_time":"2024-04-14T14:44:40+00:00","og_image":[{"url":"https:\/\/labizarterie.com\/wp-content\/uploads\/2024\/04\/fond1_cantine.jpg"}],"twitter_card":"summary_large_image","twitter_misc":{"Dur\u00e9e de lecture estim\u00e9e":"2 minutes"},"schema":{"@context":"https:\/\/schema.org","@graph":[{"@type":"WebPage","@id":"https:\/\/labizarterie.com\/","url":"https:\/\/labizarterie.com\/","name":"L'ArtZen - La BiZ&#039;Arterie &quot;L&#039;ArtZen&quot;","isPartOf":{"@id":"https:\/\/labizarterie.com\/#website"},"primaryImageOfPage":{"@id":"https:\/\/labizarterie.com\/#primaryimage"},"image":{"@id":"https:\/\/labizarterie.com\/#primaryimage"},"thumbnailUrl":"https:\/\/labizarterie.com\/wp-content\/uploads\/2024\/04\/fond1_cantine.jpg","datePublished":"2024-03-19T10:28:18+00:00","dateModified":"2024-04-14T14:44:40+00:00","breadcrumb":{"@id":"https:\/\/labizarterie.com\/#breadcrumb"},"inLanguage":"fr-FR","potentialAction":[{"@type":"ReadAction","target":["https:\/\/labizarterie.com\/"]}]},{"@type":"ImageObject","inLanguage":"fr-FR","@id":"https:\/\/labizarterie.com\/#primaryimage","url":"https:\/\/labizarterie.com\/wp-content\/uploads\/2024\/04\/fond1_cantine.jpg","contentUrl":"https:\/\/labizarterie.com\/wp-content\/uploads\/2024\/04\/fond1_cantine.jpg","width":945,"height":532},{"@type":"BreadcrumbList","@id":"https:\/\/labizarterie.com\/#breadcrumb","itemListElement":[{"@type":"ListItem","position":1,"name":"Accueil","item":"https:\/\/labizarterie.com\/"},{"@type":"ListItem","position":2,"name":"L&rsquo;ArtZen"}]},{"@type":"WebSite","@id":"https:\/\/labizarterie.com\/#website","url":"https:\/\/labizarterie.com\/","name":"L'ArtZen","description":" De l&#039;Art \u00e0 l&#039;assiette ...","publisher":{"@id":"https:\/\/labizarterie.com\/#organization"},"potentialAction":[{"@type":"SearchAction","target":{"@type":"EntryPoint","urlTemplate":"https:\/\/labizarterie.com\/?s={search_term_string}"},"query-input":"required name=search_term_string"}],"inLanguage":"fr-FR"},{"@type":"Organization","@id":"https:\/\/labizarterie.com\/#organization","name":"L'ArtZen","url":"https:\/\/labizarterie.com\/","logo":{"@type":"ImageObject","inLanguage":"fr-FR","@id":"https:\/\/labizarterie.com\/#\/schema\/logo\/image\/","url":"https:\/\/labizarterie.com\/wp-content\/uploads\/2024\/04\/VD-Calque-La-BiZArterie-.png","contentUrl":"https:\/\/labizarterie.com\/wp-content\/uploads\/2024\/04\/VD-Calque-La-BiZArterie-.png","width":830,"height":662,"caption":"L'ArtZen"},"image":{"@id":"https:\/\/labizarterie.com\/#\/schema\/logo\/image\/"}}]}},"_links":{"self":[{"href":"https:\/\/labizarterie.com\/index.php\/wp-json\/wp\/v2\/pages\/6","targetHints":{"allow":["GET"]}}],"collection":[{"href":"https:\/\/labizarterie.com\/index.php\/wp-json\/wp\/v2\/pages"}],"about":[{"href":"https:\/\/labizarterie.com\/index.php\/wp-json\/wp\/v2\/types\/page"}],"author":[{"embeddable":true,"href":"https:\/\/labizarterie.com\/index.php\/wp-json\/wp\/v2\/users\/1"}],"replies":[{"embeddable":true,"href":"https:\/\/labizarterie.com\/index.php\/wp-json\/wp\/v2\/comments?post=6"}],"version-history":[{"count":17,"href":"https:\/\/labizarterie.com\/index.php\/wp-json\/wp\/v2\/pages\/6\/revisions"}],"predecessor-version":[{"id":342,"href":"https:\/\/labizarterie.com\/index.php\/wp-json\/wp\/v2\/pages\/6\/revisions\/342"}],"wp:attachment":[{"href":"https:\/\/labizarterie.com\/index.php\/wp-json\/wp\/v2\/media?parent=6"}],"curies":[{"name":"wp","href":"https:\/\/api.w.org\/{rel}","templated":true}]}}